{"id":6656,"date":"2024-11-14T16:00:15","date_gmt":"2024-11-14T15:00:15","guid":{"rendered":"https:\/\/letoucangourmand.fr\/?page_id=6656"},"modified":"2026-01-22T14:08:10","modified_gmt":"2026-01-22T13:08:10","slug":"menus-de-fetes","status":"publish","type":"page","link":"https:\/\/letoucangourmand.fr\/?page_id=6656","title":{"rendered":"Menus de f\u00eates"},"content":{"rendered":"\t\t<div data-elementor-type=\"wp-page\" data-elementor-id=\"6656\" class=\"elementor elementor-6656\">\n\t\t\t\t\t\t<div class=\"elementor-inner\">\n\t\t\t\t<div class=\"elementor-section-wrap\">\n\t\t\t\t\t\t\t\t\t<section class=\"elementor-section elementor-top-section elementor-element elementor-element-115670d elementor-section-boxed elementor-section-height-default elementor-section-height-default\" data-id=\"115670d\" data-element_type=\"section\">\n\t\t\t\t\t\t<div class=\"elementor-container elementor-column-gap-default\">\n\t\t\t\t\t\t\t<div class=\"elementor-row\">\n\t\t\t\t\t<div class=\"elementor-column elementor-col-100 elementor-top-column elementor-element elementor-element-3737738\" data-id=\"3737738\" data-element_type=\"column\">\n\t\t\t<div class=\"elementor-column-wrap elementor-element-populated\">\n\t\t\t\t\t\t\t<div class=\"elementor-widget-wrap\">\n\t\t\t\t\t\t<div class=\"elementor-element elementor-element-d5d2cdd elementor-widget elementor-widget-heading\" data-id=\"d5d2cdd\" data-element_type=\"widget\" data-widget_type=\"heading.default\">\n\t\t\t\t<div class=\"elementor-widget-container\">\n\t\t\t<h3 class=\"elementor-heading-title elementor-size-default\">par Le Toucan Gourmand\nvotre traiteur \u00e0 Aubenas<\/h3>\t\t<\/div>\n\t\t\t\t<\/div>\n\t\t\t\t<div class=\"elementor-element elementor-element-acc26b6 elementor-widget elementor-widget-text-editor\" data-id=\"acc26b6\" data-element_type=\"widget\" data-widget_type=\"text-editor.default\">\n\t\t\t\t<div class=\"elementor-widget-container\">\n\t\t\t\t\t\t\t\t<div class=\"elementor-text-editor elementor-clearfix\">\n\t\t\t\t<p>Les f\u00eates de fin d\u2019ann\u00e9e approchent, et rien de tel qu\u2019un menu festif pour rendre ces moments encore plus m\u00e9morables ! Offrez \u00e0 vos proches un repas d\u2019exception gr\u00e2ce \u00e0 notre service traiteur. Que ce soit pour No\u00ebl, le r\u00e9veillon du Nouvel An ou une soir\u00e9e sp\u00e9ciale, nous mettons tout en \u0153uvre pour vous concocter des plats savoureux et raffin\u00e9s.<\/p><p>Vous pouvez pr\u00e9commander votre menu de f\u00eates en cliquant sur le bouton ci-dessous ou consulter le menu via la photo ci-dessous.<\/p>\t\t\t\t\t<\/div>\n\t\t\t\t\t\t<\/div>\n\t\t\t\t<\/div>\n\t\t\t\t\t\t<\/div>\n\t\t\t\t\t<\/div>\n\t\t<\/div>\n\t\t\t\t\t\t\t\t<\/div>\n\t\t\t\t\t<\/div>\n\t\t<\/section>\n\t\t\t\t<section class=\"elementor-section elementor-top-section elementor-element elementor-element-9eed3de elementor-section-boxed elementor-section-height-default elementor-section-height-default\" data-id=\"9eed3de\" data-element_type=\"section\">\n\t\t\t\t\t\t<div class=\"elementor-container elementor-column-gap-default\">\n\t\t\t\t\t\t\t<div class=\"elementor-row\">\n\t\t\t\t\t<div class=\"elementor-column elementor-col-100 elementor-top-column elementor-element elementor-element-84045cd\" data-id=\"84045cd\" data-element_type=\"column\">\n\t\t\t<div class=\"elementor-column-wrap elementor-element-populated\">\n\t\t\t\t\t\t\t<div class=\"elementor-widget-wrap\">\n\t\t\t\t\t\t<div class=\"elementor-element elementor-element-da3e085 elementor-align-center elementor-widget elementor-widget-button\" data-id=\"da3e085\" data-element_type=\"widget\" data-widget_type=\"button.default\">\n\t\t\t\t<div class=\"elementor-widget-container\">\n\t\t\t\t\t<div class=\"elementor-button-wrapper\">\n\t\t\t<a class=\"elementor-button elementor-button-link elementor-size-sm\" href=\"https:\/\/resa.letoucangourmand.fr\/menu-1\">\n\t\t\t\t\t\t<span class=\"elementor-button-content-wrapper\">\n\t\t\t\t\t\t<span class=\"elementor-button-text\">Pr\u00e9commander ici<\/span>\n\t\t<\/span>\n\t\t\t\t\t<\/a>\n\t\t<\/div>\n\t\t\t\t<\/div>\n\t\t\t\t<\/div>\n\t\t\t\t<div class=\"elementor-element elementor-element-f02daae elementor-widget elementor-widget-image\" data-id=\"f02daae\" data-element_type=\"widget\" data-widget_type=\"image.default\">\n\t\t\t\t<div class=\"elementor-widget-container\">\n\t\t\t\t\t\t\t\t<div class=\"elementor-image\">\n\t\t\t\t\t\t\t\t\t\t\t\t<img decoding=\"async\" src=\"http:\/\/letoucangourmand.fr\/wp-content\/uploads\/2025\/11\/Menu-des-Fetes-de-fin-dannee-2025.pdf\" title=\"\" alt=\"\" loading=\"lazy\" \/>\t\t\t\t\t\t\t\t\t\t\t\t\t\t<\/div>\n\t\t\t\t\t\t<\/div>\n\t\t\t\t<\/div>\n\t\t\t\t\t\t<\/div>\n\t\t\t\t\t<\/div>\n\t\t<\/div>\n\t\t\t\t\t\t\t\t<\/div>\n\t\t\t\t\t<\/div>\n\t\t<\/section>\n\t\t\t\t<section class=\"elementor-section elementor-top-section elementor-element elementor-element-3813f2b elementor-section-boxed elementor-section-height-default elementor-section-height-default\" data-id=\"3813f2b\" data-element_type=\"section\">\n\t\t\t\t\t\t<div class=\"elementor-container elementor-column-gap-default\">\n\t\t\t\t\t\t\t<div class=\"elementor-row\">\n\t\t\t\t\t<div class=\"elementor-column elementor-col-100 elementor-top-column elementor-element elementor-element-bc379d1\" data-id=\"bc379d1\" data-element_type=\"column\">\n\t\t\t<div class=\"elementor-column-wrap elementor-element-populated\">\n\t\t\t\t\t\t\t<div class=\"elementor-widget-wrap\">\n\t\t\t\t\t\t<div class=\"elementor-element elementor-element-7c5b556 elementor-widget elementor-widget-image\" data-id=\"7c5b556\" data-element_type=\"widget\" data-widget_type=\"image.default\">\n\t\t\t\t<div class=\"elementor-widget-container\">\n\t\t\t\t\t\t\t\t<div class=\"elementor-image\">\n\t\t\t\t\t\t\t\t\t\t\t\t<img loading=\"lazy\" decoding=\"async\" width=\"724\" height=\"1024\" src=\"https:\/\/letoucangourmand.fr\/wp-content\/uploads\/2025\/11\/Menu-des-Fetes-de-fin-dannee-2025-724x1024.jpg\" class=\"attachment-large size-large wp-image-7016\" alt=\"\" srcset=\"https:\/\/letoucangourmand.fr\/wp-content\/uploads\/2025\/11\/Menu-des-Fetes-de-fin-dannee-2025-724x1024.jpg 724w, https:\/\/letoucangourmand.fr\/wp-content\/uploads\/2025\/11\/Menu-des-Fetes-de-fin-dannee-2025-212x300.jpg 212w, https:\/\/letoucangourmand.fr\/wp-content\/uploads\/2025\/11\/Menu-des-Fetes-de-fin-dannee-2025-768x1086.jpg 768w, https:\/\/letoucangourmand.fr\/wp-content\/uploads\/2025\/11\/Menu-des-Fetes-de-fin-dannee-2025-1086x1536.jpg 1086w, https:\/\/letoucangourmand.fr\/wp-content\/uploads\/2025\/11\/Menu-des-Fetes-de-fin-dannee-2025-1448x2048.jpg 1448w, https:\/\/letoucangourmand.fr\/wp-content\/uploads\/2025\/11\/Menu-des-Fetes-de-fin-dannee-2025-1140x1612.jpg 1140w, https:\/\/letoucangourmand.fr\/wp-content\/uploads\/2025\/11\/Menu-des-Fetes-de-fin-dannee-2025-600x848.jpg 600w, https:\/\/letoucangourmand.fr\/wp-content\/uploads\/2025\/11\/Menu-des-Fetes-de-fin-dannee-2025.jpg 1655w\" sizes=\"auto, (max-width: 724px) 100vw, 724px\" \/>\t\t\t\t\t\t\t\t\t\t\t\t\t\t<\/div>\n\t\t\t\t\t\t<\/div>\n\t\t\t\t<\/div>\n\t\t\t\t\t\t<\/div>\n\t\t\t\t\t<\/div>\n\t\t<\/div>\n\t\t\t\t\t\t\t\t<\/div>\n\t\t\t\t\t<\/div>\n\t\t<\/section>\n\t\t\t\t\t\t\t\t\t<\/div>\n\t\t\t<\/div>\n\t\t\t\t\t<\/div>\n\t\t","protected":false},"excerpt":{"rendered":"<p>par Le Toucan Gourmand votre traiteur \u00e0 Aubenas Les f\u00eates de fin d\u2019ann\u00e9e approchent, et rien de tel qu\u2019un menu festif pour rendre ces moments encore plus m\u00e9morables ! Offrez \u00e0 vos proches un repas d\u2019exception gr\u00e2ce \u00e0 notre service traiteur. Que ce soit pour No\u00ebl, le r\u00e9veillon du Nouvel An ou une soir\u00e9e sp\u00e9ciale, nous mettons tout en \u0153uvre pour vous concocter des plats savoureux et raffin\u00e9s. Vous pouvez pr\u00e9commander votre menu de f\u00eates en cliquant sur le bouton ci-dessous ou consulter le menu via la photo ci-dessous. Pr\u00e9commander ici<\/p>\n","protected":false},"author":1,"featured_media":0,"parent":0,"menu_order":0,"comment_status":"closed","ping_status":"closed","template":"","meta":{"footnotes":""},"class_list":["post-6656","page","type-page","status-publish","hentry"],"jetpack_sharing_enabled":true,"_links":{"self":[{"href":"https:\/\/letoucangourmand.fr\/index.php?rest_route=\/wp\/v2\/pages\/6656","targetHints":{"allow":["GET"]}}],"collection":[{"href":"https:\/\/letoucangourmand.fr\/index.php?rest_route=\/wp\/v2\/pages"}],"about":[{"href":"https:\/\/letoucangourmand.fr\/index.php?rest_route=\/wp\/v2\/types\/page"}],"author":[{"embeddable":true,"href":"https:\/\/letoucangourmand.fr\/index.php?rest_route=\/wp\/v2\/users\/1"}],"replies":[{"embeddable":true,"href":"https:\/\/letoucangourmand.fr\/index.php?rest_route=%2Fwp%2Fv2%2Fcomments&post=6656"}],"version-history":[{"count":40,"href":"https:\/\/letoucangourmand.fr\/index.php?rest_route=\/wp\/v2\/pages\/6656\/revisions"}],"predecessor-version":[{"id":7054,"href":"https:\/\/letoucangourmand.fr\/index.php?rest_route=\/wp\/v2\/pages\/6656\/revisions\/7054"}],"wp:attachment":[{"href":"https:\/\/letoucangourmand.fr\/index.php?rest_route=%2Fwp%2Fv2%2Fmedia&parent=6656"}],"curies":[{"name":"wp","href":"https:\/\/api.w.org\/{rel}","templated":true}]}}