{"id":734,"date":"2020-11-04T17:17:00","date_gmt":"2020-11-04T16:17:00","guid":{"rendered":"http:\/\/letoucangourmand.fr\/?post_type=product&#038;p=734"},"modified":"2024-12-11T15:04:30","modified_gmt":"2024-12-11T14:04:30","slug":"saumon-fume","status":"publish","type":"product","link":"https:\/\/letoucangourmand.fr\/?product=saumon-fume","title":{"rendered":"Saumon fum\u00e9 Maison"},"content":{"rendered":"<p>Le saumon est fum\u00e9 par nos soins avec un fumage \u00e0 froid.<\/p>\n","protected":false},"excerpt":{"rendered":"<p>100 gr<\/p>\n<p>Veuillez noter <strong><span style=\"color: #ff0000\">la date<\/span><\/strong> et <strong><span style=\"color: #ff0000\">heure<\/span><\/strong> \u00e0 laquelle vous souhaitez retirer votre commande, dans l&#8217;encart <strong><span style=\"color: #ff0000\">&#8220;NOTE DE<\/span> <span style=\"color: #ff0000\">COMMANDE&#8221;<\/span><\/strong> avant validation du panier.<\/p>\n","protected":false},"featured_media":368,"comment_status":"open","ping_status":"closed","template":"","meta":[],"product_cat":[19],"product_tag":[],"class_list":{"0":"post-734","1":"product","2":"type-product","3":"status-publish","4":"has-post-thumbnail","6":"product_cat-produits-a-la-vente","8":"first","9":"instock","10":"shipping-taxable","11":"purchasable","12":"product-type-simple"},"jetpack_sharing_enabled":true,"_links":{"self":[{"href":"https:\/\/letoucangourmand.fr\/index.php?rest_route=\/wp\/v2\/product\/734","targetHints":{"allow":["GET"]}}],"collection":[{"href":"https:\/\/letoucangourmand.fr\/index.php?rest_route=\/wp\/v2\/product"}],"about":[{"href":"https:\/\/letoucangourmand.fr\/index.php?rest_route=\/wp\/v2\/types\/product"}],"replies":[{"embeddable":true,"href":"https:\/\/letoucangourmand.fr\/index.php?rest_route=%2Fwp%2Fv2%2Fcomments&post=734"}],"wp:featuredmedia":[{"embeddable":true,"href":"https:\/\/letoucangourmand.fr\/index.php?rest_route=\/wp\/v2\/media\/368"}],"wp:attachment":[{"href":"https:\/\/letoucangourmand.fr\/index.php?rest_route=%2Fwp%2Fv2%2Fmedia&parent=734"}],"wp:term":[{"taxonomy":"product_cat","embeddable":true,"href":"https:\/\/letoucangourmand.fr\/index.php?rest_route=%2Fwp%2Fv2%2Fproduct_cat&post=734"},{"taxonomy":"product_tag","embeddable":true,"href":"https:\/\/letoucangourmand.fr\/index.php?rest_route=%2Fwp%2Fv2%2Fproduct_tag&post=734"}],"curies":[{"name":"wp","href":"https:\/\/api.w.org\/{rel}","templated":true}]}}