{"id":737,"date":"2020-11-04T17:25:29","date_gmt":"2020-11-04T16:25:29","guid":{"rendered":"http:\/\/letoucangourmand.fr\/?post_type=product&#038;p=737"},"modified":"2026-03-02T19:52:47","modified_gmt":"2026-03-02T18:52:47","slug":"poulet-boucane","status":"publish","type":"product","link":"https:\/\/letoucangourmand.fr\/?product=poulet-boucane","title":{"rendered":"Poulet Boucan\u00e9 entier"},"content":{"rendered":"<p>Le poulet boucan\u00e9 sont pr\u00e9alablement marin\u00e9 dans une marinade que seul Le Toucan Gourmand a le secret et ensuite boucan\u00e9 (fumage \u00e0 chaud), de quoi vous faire voyager !<\/p>\n<p>Le poulet fermier est vendu entier (1,4kg environ )<\/p>\n","protected":false},"excerpt":{"rendered":"<p>Veuillez noter <span style=\"color: #ff0000\"><strong>la date<\/strong><\/span> et <span style=\"color: #ff0000\"><strong>heure<\/strong><\/span> \u00e0 laquelle vous souhaitez retirer votre commande, dans l\u2019encart <strong><span style=\"color: #ff0000\">\u201cNOTE DE<\/span> <span style=\"color: #ff0000\">COMMANDE\u201d<\/span><\/strong> avant validation du panier.<\/p>\n","protected":false},"featured_media":599,"comment_status":"open","ping_status":"closed","template":"","meta":[],"product_cat":[19],"product_tag":[],"class_list":{"0":"post-737","1":"product","2":"type-product","3":"status-publish","4":"has-post-thumbnail","6":"product_cat-produits-a-la-vente","8":"first","9":"instock","10":"shipping-taxable","11":"purchasable","12":"product-type-simple"},"jetpack_sharing_enabled":true,"_links":{"self":[{"href":"https:\/\/letoucangourmand.fr\/index.php?rest_route=\/wp\/v2\/product\/737","targetHints":{"allow":["GET"]}}],"collection":[{"href":"https:\/\/letoucangourmand.fr\/index.php?rest_route=\/wp\/v2\/product"}],"about":[{"href":"https:\/\/letoucangourmand.fr\/index.php?rest_route=\/wp\/v2\/types\/product"}],"replies":[{"embeddable":true,"href":"https:\/\/letoucangourmand.fr\/index.php?rest_route=%2Fwp%2Fv2%2Fcomments&post=737"}],"wp:featuredmedia":[{"embeddable":true,"href":"https:\/\/letoucangourmand.fr\/index.php?rest_route=\/wp\/v2\/media\/599"}],"wp:attachment":[{"href":"https:\/\/letoucangourmand.fr\/index.php?rest_route=%2Fwp%2Fv2%2Fmedia&parent=737"}],"wp:term":[{"taxonomy":"product_cat","embeddable":true,"href":"https:\/\/letoucangourmand.fr\/index.php?rest_route=%2Fwp%2Fv2%2Fproduct_cat&post=737"},{"taxonomy":"product_tag","embeddable":true,"href":"https:\/\/letoucangourmand.fr\/index.php?rest_route=%2Fwp%2Fv2%2Fproduct_tag&post=737"}],"curies":[{"name":"wp","href":"https:\/\/api.w.org\/{rel}","templated":true}]}}