{"id":979,"date":"2020-11-11T14:34:53","date_gmt":"2020-11-11T13:34:53","guid":{"rendered":"http:\/\/letoucangourmand.fr\/?post_type=product&#038;p=979"},"modified":"2025-04-12T23:45:24","modified_gmt":"2025-04-12T21:45:24","slug":"pot-de-boudin-antillais-a-tartiner","status":"publish","type":"product","link":"https:\/\/letoucangourmand.fr\/?product=pot-de-boudin-antillais-a-tartiner","title":{"rendered":"Pot de Boudin Antillais \u00e0 tartiner"},"content":{"rendered":"<p>Le boudin antillais est \u00e9pic\u00e9 mais pas piment\u00e9 pour convenir \u00e0 chaque palet.<\/p>\n<p>Conditionn\u00e9 sous forme de pot de 350g .<\/p>\n","protected":false},"excerpt":{"rendered":"<p><em><strong>1\u20ac de consigne comprise dans le prix<\/strong> \u2013 <\/em>Pot d\u2019environ 350 gr<\/p>\n<p>Veuillez noter <strong><span style=\"color: #ff0000;\">la date<\/span><\/strong> et <strong><span style=\"color: #ff0000;\">heure<\/span><\/strong> \u00e0 laquelle vous souhaitez retirer votre commande, dans l\u2019encart <strong><span style=\"color: #ff0000;\">\u201cNOTE DE<\/span> <span style=\"color: #ff0000;\">COMMANDE\u201d<\/span><\/strong> avant validation du panier.<\/p>\n","protected":false},"featured_media":1032,"comment_status":"open","ping_status":"closed","template":"","meta":[],"product_cat":[19],"product_tag":[],"class_list":{"0":"post-979","1":"product","2":"type-product","3":"status-publish","4":"has-post-thumbnail","6":"product_cat-produits-a-la-vente","8":"first","9":"instock","10":"shipping-taxable","11":"purchasable","12":"product-type-simple"},"jetpack_sharing_enabled":true,"_links":{"self":[{"href":"https:\/\/letoucangourmand.fr\/index.php?rest_route=\/wp\/v2\/product\/979","targetHints":{"allow":["GET"]}}],"collection":[{"href":"https:\/\/letoucangourmand.fr\/index.php?rest_route=\/wp\/v2\/product"}],"about":[{"href":"https:\/\/letoucangourmand.fr\/index.php?rest_route=\/wp\/v2\/types\/product"}],"replies":[{"embeddable":true,"href":"https:\/\/letoucangourmand.fr\/index.php?rest_route=%2Fwp%2Fv2%2Fcomments&post=979"}],"wp:featuredmedia":[{"embeddable":true,"href":"https:\/\/letoucangourmand.fr\/index.php?rest_route=\/wp\/v2\/media\/1032"}],"wp:attachment":[{"href":"https:\/\/letoucangourmand.fr\/index.php?rest_route=%2Fwp%2Fv2%2Fmedia&parent=979"}],"wp:term":[{"taxonomy":"product_cat","embeddable":true,"href":"https:\/\/letoucangourmand.fr\/index.php?rest_route=%2Fwp%2Fv2%2Fproduct_cat&post=979"},{"taxonomy":"product_tag","embeddable":true,"href":"https:\/\/letoucangourmand.fr\/index.php?rest_route=%2Fwp%2Fv2%2Fproduct_tag&post=979"}],"curies":[{"name":"wp","href":"https:\/\/api.w.org\/{rel}","templated":true}]}}